{"id":4498,"date":"2026-03-30T21:53:15","date_gmt":"2026-03-30T21:53:15","guid":{"rendered":"https:\/\/cskytelecoms.com\/?page_id=4498"},"modified":"2026-03-31T14:11:48","modified_gmt":"2026-03-31T14:11:48","slug":"infrastructure-connectivity","status":"publish","type":"page","link":"https:\/\/cskytelecoms.com\/fr\/infrastructure-connectivity\/","title":{"rendered":"Infrastructure &amp; Connectivit\u00e9"},"content":{"rendered":"<div data-elementor-type=\"wp-page\" data-elementor-id=\"4498\" class=\"elementor elementor-4498\">\n\t\t\t\t\t\t<section class=\"elementor-section elementor-top-section elementor-element elementor-element-wrkaog9 elementor-section-boxed elementor-section-height-default elementor-section-height-default\" data-id=\"wrkaog9\" data-element_type=\"section\">\n\t\t\t\t\t\t<div class=\"elementor-container elementor-column-gap-no\">\n\t\t\t\t\t<div class=\"elementor-column elementor-col-100 elementor-top-column elementor-element elementor-element-730f282\" data-id=\"730f282\" data-element_type=\"column\">\n\t\t\t<div class=\"elementor-widget-wrap elementor-element-populated\">\n\t\t\t\t\t\t<div class=\"elementor-element elementor-element-f6960f1 elementor-widget elementor-widget-heading\" data-id=\"f6960f1\" data-element_type=\"widget\" data-widget_type=\"heading.default\">\n\t\t\t\t<div class=\"elementor-widget-container\">\n\t\t\t\t\t<h2 class=\"elementor-heading-title elementor-size-default\">Nos Services<\/h2>\t\t\t\t<\/div>\n\t\t\t\t<\/div>\n\t\t\t\t\t<\/div>\n\t\t<\/div>\n\t\t\t\t\t<\/div>\n\t\t<\/section>\n\t\t\t\t<section class=\"elementor-section elementor-top-section elementor-element elementor-element-8eee310 elementor-section-content-middle elementor-section-boxed elementor-section-height-default elementor-section-height-default\" data-id=\"8eee310\" data-element_type=\"section\" data-settings=\"{&quot;background_background&quot;:&quot;classic&quot;}\">\n\t\t\t\t\t\t<div class=\"elementor-container elementor-column-gap-no\">\n\t\t\t\t\t<div class=\"elementor-column elementor-col-100 elementor-top-column elementor-element elementor-element-28d409d\" data-id=\"28d409d\" data-element_type=\"column\">\n\t\t\t<div class=\"elementor-widget-wrap elementor-element-populated\">\n\t\t\t\t\t\t<div class=\"elementor-element elementor-element-76f4b9c elementor-widget elementor-widget-image\" data-id=\"76f4b9c\" data-element_type=\"widget\" data-widget_type=\"image.default\">\n\t\t\t\t<div class=\"elementor-widget-container\">\n\t\t\t\t\t\t\t\t\t\t\t\t\t\t\t<img fetchpriority=\"high\" decoding=\"async\" width=\"768\" height=\"512\" src=\"https:\/\/cskytelecoms.com\/wp-content\/uploads\/2026\/03\/Infracstructure-3.jpeg\" class=\"attachment-medium_large size-medium_large wp-image-4735\" alt=\"infrastructures\" srcset=\"https:\/\/cskytelecoms.com\/wp-content\/uploads\/2026\/03\/Infracstructure-3.jpeg 1534w, https:\/\/cskytelecoms.com\/wp-content\/uploads\/2026\/03\/Infracstructure-3-300x200.jpeg 300w, https:\/\/cskytelecoms.com\/wp-content\/uploads\/2026\/03\/Infracstructure-3-1024x684.jpeg 1024w, https:\/\/cskytelecoms.com\/wp-content\/uploads\/2026\/03\/Infracstructure-3-768x513.jpeg 768w, https:\/\/cskytelecoms.com\/wp-content\/uploads\/2026\/03\/Infracstructure-3-18x12.jpeg 18w\" sizes=\"(max-width: 768px) 100vw, 768px\" title=\"Infrastructure &amp; Connectivity\">\t\t\t\t\t\t\t\t\t\t\t\t\t\t\t<\/div>\n\t\t\t\t<\/div>\n\t\t\t\t<div class=\"elementor-element elementor-element-674ee5b elementor-widget elementor-widget-heading\" data-id=\"674ee5b\" data-element_type=\"widget\" data-widget_type=\"heading.default\">\n\t\t\t\t<div class=\"elementor-widget-container\">\n\t\t\t\t\t<h1 class=\"elementor-heading-title elementor-size-default\">Infrastructure, connectivit\u00e9 et s\u00e9curit\u00e9<\/h1>\t\t\t\t<\/div>\n\t\t\t\t<\/div>\n\t\t\t\t<div class=\"elementor-element elementor-element-f3f8ba0 elementor-widget elementor-widget-text-editor\" data-id=\"f3f8ba0\" data-element_type=\"widget\" data-widget_type=\"text-editor.default\">\n\t\t\t\t<div class=\"elementor-widget-container\">\n\t\t\t\t\t\t\t\t\t<p>We provide the backbone infrastructure that powers fintech and enterprise systems.<\/p><p><strong>Services:<\/strong><\/p><ul><li>Conception et d\u00e9ploiement r\u00e9seau<\/li><li>Connexion Internet haut d\u00e9bit<\/li><li>Cloud and hosting services<\/li><li>Solutions Data centers<\/li><li>Solutions<br \/>solaires\u00a0<\/li><\/ul><p>\u00a0<\/p><p>Nous offrons des solutions de s\u00e9curit\u00e9 avanc\u00e9es.<\/p><ul><li>Gestion des acc\u00e8s<\/li><li>D\u00e9tection de fraude<\/li><li>S\u00e9curit\u00e9 r\u00e9seau<\/li><li>Chiffrement des donn\u00e9es\u00a0<\/li><\/ul>\t\t\t\t\t\t\t\t<\/div>\n\t\t\t\t<\/div>\n\t\t\t\t\t<\/div>\n\t\t<\/div>\n\t\t\t\t\t<\/div>\n\t\t<\/section>\n\t\t\t\t<\/div>","protected":false},"excerpt":{"rendered":"<p>Our Services Infrastructure, connectivity and security We provide the backbone infrastructure that powers fintech and enterprise systems. Services: Network design and deployment High-speed internet connectivity Cloud and hosting services Data center solutions Solar energy systems for remoteoperations\u00a0 \u00a0 We provide advanced security solutions to protect systems and data. Identity and access management Fraud monitoring Network [&hellip;]<\/p>","protected":false},"author":1,"featured_media":0,"parent":0,"menu_order":0,"comment_status":"closed","ping_status":"closed","template":"","meta":{"_uag_custom_page_level_css":"","footnotes":""},"class_list":["post-4498","page","type-page","status-publish","hentry"],"_hostinger_reach_plugin_has_subscription_block":false,"_hostinger_reach_plugin_is_elementor":false,"uagb_featured_image_src":{"full":false,"thumbnail":false,"medium":false,"medium_large":false,"large":false,"1536x1536":false,"2048x2048":false,"trp-custom-language-flag":false},"uagb_author_info":{"display_name":"dumond@cskytelecoms.com","author_link":"https:\/\/cskytelecoms.com\/fr\/author\/dumondcskytelecoms-com\/"},"uagb_comment_info":0,"uagb_excerpt":"Our Services Infrastructure, connectivity and security We provide the backbone infrastructure that powers fintech and enterprise systems. Services: Network design and deployment High-speed internet connectivity Cloud and hosting services Data center solutions Solar energy systems for remoteoperations\u00a0 \u00a0 We provide advanced security solutions to protect systems and data. Identity and access management Fraud monitoring Network\u2026","_links":{"self":[{"href":"https:\/\/cskytelecoms.com\/fr\/wp-json\/wp\/v2\/pages\/4498","targetHints":{"allow":["GET"]}}],"collection":[{"href":"https:\/\/cskytelecoms.com\/fr\/wp-json\/wp\/v2\/pages"}],"about":[{"href":"https:\/\/cskytelecoms.com\/fr\/wp-json\/wp\/v2\/types\/page"}],"author":[{"embeddable":true,"href":"https:\/\/cskytelecoms.com\/fr\/wp-json\/wp\/v2\/users\/1"}],"replies":[{"embeddable":true,"href":"https:\/\/cskytelecoms.com\/fr\/wp-json\/wp\/v2\/comments?post=4498"}],"version-history":[{"count":23,"href":"https:\/\/cskytelecoms.com\/fr\/wp-json\/wp\/v2\/pages\/4498\/revisions"}],"predecessor-version":[{"id":4738,"href":"https:\/\/cskytelecoms.com\/fr\/wp-json\/wp\/v2\/pages\/4498\/revisions\/4738"}],"wp:attachment":[{"href":"https:\/\/cskytelecoms.com\/fr\/wp-json\/wp\/v2\/media?parent=4498"}],"curies":[{"name":"wp","href":"https:\/\/api.w.org\/{rel}","templated":true}]}}